{"id":3,"date":"2025-02-23T20:56:29","date_gmt":"2025-02-23T23:56:29","guid":{"rendered":"http:\/\/admcon.com.br\/?page_id=3"},"modified":"2025-03-22T13:10:40","modified_gmt":"2025-03-22T16:10:40","slug":"politica-de-privacidade","status":"publish","type":"page","link":"http:\/\/admcon.com.br\/?page_id=3","title":{"rendered":"Pol\u00edtica de Privacidade"},"content":{"rendered":"\n<p><\/p>\n\n\n\n<p><br><strong>Coleta e uso de informa\u00e7\u00f5es:<\/strong><\/p>\n\n\n\n<p>Ao usar nossos servi\u00e7os, podemos pedir que voc\u00ea nos forne\u00e7a certas informa\u00e7\u00f5es de identifica\u00e7\u00e3o pessoal que podem ser usadas para contat\u00e1-lo ou identific\u00e1-lo. As informa\u00e7\u00f5es de identifica\u00e7\u00e3o pessoal (\u201cInforma\u00e7\u00f5es pessoais\u201d) podem incluir, mas n\u00e3o se limitam a:<br>\u00bb Nome<br>\u00bb Endere\u00e7o de e-mail<br>\u00bb N\u00famero de telefone<br>\u00bb Endere\u00e7o<\/p>\n\n\n\n<p><br><strong>Dados de registro:<\/strong><\/p>\n\n\n\n<p>Coletamos informa\u00e7\u00f5es que seu navegador envia sempre que voc\u00ea visita nosso Servi\u00e7o (\u201cLog Data\u201d). Esses dados de registro podem incluir informa\u00e7\u00f5es como o endere\u00e7o de protocolo da Internet (\u201cIP\u201d) do seu computador, tipo de navegador, vers\u00e3o do navegador, as p\u00e1ginas do nosso servi\u00e7o que voc\u00ea visita, a hora e a data da sua visita, o tempo gasto nessas p\u00e1ginas e outras estat\u00edsticas.<br>Cookie Google AdSense e DoubleClick.<br>O Google, como fornecedor terceirizado, usa cookies para veicular an\u00fancios em nosso Servi\u00e7o.<\/p>\n\n\n\n<p><br><strong>Cookies:<\/strong><\/p>\n\n\n\n<p>Cookies s\u00e3o arquivos com pequena quantidade de dados, que podem incluir um identificador exclusivo an\u00f4nimo. Os cookies s\u00e3o enviados para o seu navegador a partir de um site e armazenados no disco r\u00edgido do seu computador.<br>Usamos \u201ccookies\u201d para coletar informa\u00e7\u00f5es. Voc\u00ea pode instruir seu navegador a recusar todos os cookies ou indicar quando um cookie est\u00e1 sendo enviado. No entanto, se voc\u00ea n\u00e3o aceitar cookies, pode n\u00e3o conseguir usar algumas partes do nosso Servi\u00e7o.<\/p>\n\n\n\n<p><br><strong>Provedores de servi\u00e7o:<\/strong><\/p>\n\n\n\n<p>Podemos empregar empresas terceirizadas e individuais para facilitar nosso Servi\u00e7o, para fornecer o Servi\u00e7o em nosso nome, para realizar servi\u00e7os relacionados ao Servi\u00e7o ou para nos ajudar a analisar como nosso Servi\u00e7o \u00e9 usado.<br>Esses terceiros t\u00eam acesso \u00e0s suas informa\u00e7\u00f5es pessoais apenas para realizar essas tarefas em nosso nome e s\u00e3o obrigados a n\u00e3o as divulgar ou us\u00e1-las para qualquer outra finalidade.<\/p>\n\n\n\n<p><br><strong>Seguran\u00e7a:<\/strong><\/p>\n\n\n\n<p>A seguran\u00e7a de suas informa\u00e7\u00f5es pessoais \u00e9 importante para n\u00f3s, mas lembre-se de que nenhum m\u00e9todo de transmiss\u00e3o pela Internet ou m\u00e9todo de armazenamento eletr\u00f4nico \u00e9 100% seguro. Embora nos esforcemos para usar meios comercialmente aceit\u00e1veis para proteger suas informa\u00e7\u00f5es pessoais, n\u00e3o podemos garantir sua seguran\u00e7a absoluta.<\/p>\n\n\n\n<p><br><strong>Links para outros sites:<\/strong><\/p>\n\n\n\n<p>Nosso servi\u00e7o pode conter links para outros sites que n\u00e3o s\u00e3o operados por n\u00f3s. Se voc\u00ea clicar em um link de terceiro, ser\u00e1 direcionado para o site desse terceiro. Aconselhamos vivamente que reveja a Pol\u00edtica de Privacidade de cada site que visitar.<br>N\u00e3o temos controle e n\u00e3o assumimos responsabilidade pelo conte\u00fado, pol\u00edticas de privacidade ou pr\u00e1ticas de quaisquer sites ou servi\u00e7os de terceiros.<\/p>\n\n\n\n<p><strong>Privacidade das crian\u00e7as:<\/strong><\/p>\n\n\n\n<p>Nosso servi\u00e7o n\u00e3o se dirige a ningu\u00e9m com menos de 18 anos (\u201cCrian\u00e7as\u201d).<br>N\u00e3o coletamos intencionalmente informa\u00e7\u00f5es de identifica\u00e7\u00e3o pessoal de crian\u00e7as menores de 18 anos. Se voc\u00ea for um pai ou respons\u00e1vel e estiver ciente de que seu filho nos forneceu Informa\u00e7\u00f5es Pessoais, entre em contato conosco. Se descobrirmos que uma crian\u00e7a menor de 18 anos nos forneceu Informa\u00e7\u00f5es<br>Pessoais, excluiremos essas informa\u00e7\u00f5es de nossos servidores imediatamente.<\/p>\n\n\n\n<p><strong>Conformidade com as leis:<\/strong><\/p>\n\n\n\n<p>Divulgaremos suas Informa\u00e7\u00f5es Pessoais quando exigido por lei ou intima\u00e7\u00e3o.<br>Mudan\u00e7as nesta Pol\u00edtica de Privacidade<br>Podemos atualizar nossa Pol\u00edtica de Privacidade de tempos em tempos. Iremos notific\u00e1-lo de quaisquer altera\u00e7\u00f5es, publicando a nova Pol\u00edtica de Privacidade nesta p\u00e1gina.<br>Aconselhamos voc\u00ea a revisar esta Pol\u00edtica de Privacidade periodicamente para quaisquer altera\u00e7\u00f5es. As altera\u00e7\u00f5es a esta Pol\u00edtica de Privacidade entram em vigor quando publicadas nesta p\u00e1gina.<\/p>\n\n\n\n<p><br><strong>Contate-nos:<\/strong><\/p>\n\n\n\n<p>Se voc\u00ea tiver alguma d\u00favida sobre esta Pol\u00edtica de Privacidade, entre em contato conosco.<\/p>\n\n\n\n<p><\/p>\n","protected":false},"excerpt":{"rendered":"<p>Coleta e uso de informa\u00e7\u00f5es: Ao usar nossos servi\u00e7os, podemos pedir que voc\u00ea nos forne\u00e7a certas informa\u00e7\u00f5es de identifica\u00e7\u00e3o pessoal que podem ser usadas para contat\u00e1-lo ou identific\u00e1-lo. As informa\u00e7\u00f5es de identifica\u00e7\u00e3o pessoal (\u201cInforma\u00e7\u00f5es pessoais\u201d) podem incluir, mas n\u00e3o se limitam a:\u00bb Nome\u00bb Endere\u00e7o de e-mail\u00bb N\u00famero de telefone\u00bb Endere\u00e7o Dados de registro: Coletamos informa\u00e7\u00f5es [&hellip;]<\/p>\n","protected":false},"author":1,"featured_media":0,"parent":0,"menu_order":0,"comment_status":"closed","ping_status":"open","template":"","meta":{"saved_in_kubio":false,"footnotes":""},"class_list":["post-3","page","type-page","status-publish","hentry"],"kubio_ai_page_context":{"short_desc":"","purpose":"general"},"_links":{"self":[{"href":"http:\/\/admcon.com.br\/index.php?rest_route=\/wp\/v2\/pages\/3","targetHints":{"allow":["GET"]}}],"collection":[{"href":"http:\/\/admcon.com.br\/index.php?rest_route=\/wp\/v2\/pages"}],"about":[{"href":"http:\/\/admcon.com.br\/index.php?rest_route=\/wp\/v2\/types\/page"}],"author":[{"embeddable":true,"href":"http:\/\/admcon.com.br\/index.php?rest_route=\/wp\/v2\/users\/1"}],"replies":[{"embeddable":true,"href":"http:\/\/admcon.com.br\/index.php?rest_route=%2Fwp%2Fv2%2Fcomments&post=3"}],"version-history":[{"count":1,"href":"http:\/\/admcon.com.br\/index.php?rest_route=\/wp\/v2\/pages\/3\/revisions"}],"predecessor-version":[{"id":215,"href":"http:\/\/admcon.com.br\/index.php?rest_route=\/wp\/v2\/pages\/3\/revisions\/215"}],"wp:attachment":[{"href":"http:\/\/admcon.com.br\/index.php?rest_route=%2Fwp%2Fv2%2Fmedia&parent=3"}],"curies":[{"name":"wp","href":"https:\/\/api.w.org\/{rel}","templated":true}]}}